{"id":6073,"date":"2022-07-11T00:19:29","date_gmt":"2022-07-10T22:19:29","guid":{"rendered":"http:\/\/www.aberhallo.news\/news\/?page_id=6073"},"modified":"2022-07-11T00:34:15","modified_gmt":"2022-07-10T22:34:15","slug":"spezial","status":"publish","type":"page","link":"https:\/\/www.aberhallo.news\/news\/spezial\/","title":{"rendered":"SPEZIAL"},"content":{"rendered":"\n<p>Jedes Schuljahr besch\u00e4ftigt sich die Redaktion von aberhallo.news mit besonderen Themen. Wir recherchieren, schreiben Artikel, f\u00fchren Interviews, drehen Videos. Diese Beitr\u00e4ge findet ihr regelm\u00e4\u00dfig hier unter dem Men\u00fcpunkt SPEZIAL.<\/p>\n\n\n\n<p>\u00c4ltere Themen findet hier im Archivbereich.<\/p>\n\n\n\n<hr class=\"wp-block-separator\"\/>\n\n\n\n<div class=\"wp-block-columns is-layout-flex wp-container-core-columns-is-layout-9d6595d7 wp-block-columns-is-layout-flex\">\n<div class=\"wp-block-column is-layout-flow wp-block-column-is-layout-flow\" style=\"flex-basis:33.33%\">\n<div class=\"wp-block-image\"><figure class=\"aligncenter size-full\"><a href=\"https:\/\/www.aberhallo.news\/news\/category\/sore-village\/\"><img data-recalc-dims=\"1\" loading=\"lazy\" decoding=\"async\" width=\"600\" height=\"400\" data-attachment-id=\"6079\" data-permalink=\"https:\/\/www.aberhallo.news\/news\/spezial\/3-2\/\" data-orig-file=\"https:\/\/i0.wp.com\/www.aberhallo.news\/news\/wp-content\/uploads\/2022\/07\/3.jpg?fit=600%2C400&amp;ssl=1\" data-orig-size=\"600,400\" data-comments-opened=\"1\" data-image-meta=\"{&quot;aperture&quot;:&quot;0&quot;,&quot;credit&quot;:&quot;&quot;,&quot;camera&quot;:&quot;&quot;,&quot;caption&quot;:&quot;&quot;,&quot;created_timestamp&quot;:&quot;0&quot;,&quot;copyright&quot;:&quot;&quot;,&quot;focal_length&quot;:&quot;0&quot;,&quot;iso&quot;:&quot;0&quot;,&quot;shutter_speed&quot;:&quot;0&quot;,&quot;title&quot;:&quot;&quot;,&quot;orientation&quot;:&quot;0&quot;}\" data-image-title=\"3\" data-image-description=\"\" data-image-caption=\"\" data-medium-file=\"https:\/\/i0.wp.com\/www.aberhallo.news\/news\/wp-content\/uploads\/2022\/07\/3.jpg?fit=300%2C200&amp;ssl=1\" data-large-file=\"https:\/\/i0.wp.com\/www.aberhallo.news\/news\/wp-content\/uploads\/2022\/07\/3.jpg?fit=600%2C400&amp;ssl=1\" src=\"https:\/\/i0.wp.com\/www.aberhallo.news\/news\/wp-content\/uploads\/2022\/07\/3.jpg?resize=600%2C400&#038;ssl=1\" alt=\"\" class=\"wp-image-6079\" srcset=\"https:\/\/i0.wp.com\/www.aberhallo.news\/news\/wp-content\/uploads\/2022\/07\/3.jpg?w=600&amp;ssl=1 600w, https:\/\/i0.wp.com\/www.aberhallo.news\/news\/wp-content\/uploads\/2022\/07\/3.jpg?resize=300%2C200&amp;ssl=1 300w, https:\/\/i0.wp.com\/www.aberhallo.news\/news\/wp-content\/uploads\/2022\/07\/3.jpg?resize=150%2C100&amp;ssl=1 150w\" sizes=\"auto, (max-width: 600px) 100vw, 600px\" \/><\/a><\/figure><\/div>\n<\/div>\n\n\n\n<div class=\"wp-block-column is-layout-flow wp-block-column-is-layout-flow\" style=\"flex-basis:66.66%\">\n<h2 class=\"wp-block-heading\">Sore Village &#8211; Schule f\u00fcr 500 Kinder<\/h2>\n\n\n\n<p>Im \u00e4thiopischen Gununo baut eine NGO eine Schule. Ein geb\u00fcrtiger Nordenhamer hilft, Platz f\u00fcr 500 Schulkinder zu schaffen.<\/p>\n\n\n\n<p>Wie jeder helfen kann, was mit den Hilfsg\u00fctern passiert &#8211; all das gibt es in diesem SPEZIAL.<\/p>\n\n\n\n<p><a href=\"https:\/\/www.aberhallo.news\/news\/category\/sore-village\/\">weiterlesen<\/a><\/p>\n<\/div>\n<\/div>\n\n\n\n<hr class=\"wp-block-separator\"\/>\n\n\n\n<div class=\"wp-block-columns is-layout-flex wp-container-core-columns-is-layout-9d6595d7 wp-block-columns-is-layout-flex\">\n<div class=\"wp-block-column is-layout-flow wp-block-column-is-layout-flow\" style=\"flex-basis:33.33%\">\n<figure class=\"wp-block-image size-large\"><a href=\"https:\/\/www.aberhallo.news\/news\/category\/bigb\/\"><img data-recalc-dims=\"1\" loading=\"lazy\" decoding=\"async\" width=\"1000\" height=\"748\" data-attachment-id=\"6074\" data-permalink=\"https:\/\/www.aberhallo.news\/news\/spezial\/bigb\/\" data-orig-file=\"https:\/\/i0.wp.com\/www.aberhallo.news\/news\/wp-content\/uploads\/2022\/07\/BigB.jpg?fit=2000%2C1496&amp;ssl=1\" data-orig-size=\"2000,1496\" data-comments-opened=\"1\" data-image-meta=\"{&quot;aperture&quot;:&quot;0&quot;,&quot;credit&quot;:&quot;&quot;,&quot;camera&quot;:&quot;&quot;,&quot;caption&quot;:&quot;&quot;,&quot;created_timestamp&quot;:&quot;0&quot;,&quot;copyright&quot;:&quot;&quot;,&quot;focal_length&quot;:&quot;0&quot;,&quot;iso&quot;:&quot;0&quot;,&quot;shutter_speed&quot;:&quot;0&quot;,&quot;title&quot;:&quot;&quot;,&quot;orientation&quot;:&quot;1&quot;}\" data-image-title=\"BigB\" data-image-description=\"\" data-image-caption=\"\" data-medium-file=\"https:\/\/i0.wp.com\/www.aberhallo.news\/news\/wp-content\/uploads\/2022\/07\/BigB.jpg?fit=300%2C224&amp;ssl=1\" data-large-file=\"https:\/\/i0.wp.com\/www.aberhallo.news\/news\/wp-content\/uploads\/2022\/07\/BigB.jpg?fit=1000%2C748&amp;ssl=1\" src=\"https:\/\/i0.wp.com\/www.aberhallo.news\/news\/wp-content\/uploads\/2022\/07\/BigB.jpg?resize=1000%2C748&#038;ssl=1\" alt=\"\" class=\"wp-image-6074\" srcset=\"https:\/\/i0.wp.com\/www.aberhallo.news\/news\/wp-content\/uploads\/2022\/07\/BigB.jpg?resize=1024%2C766&amp;ssl=1 1024w, https:\/\/i0.wp.com\/www.aberhallo.news\/news\/wp-content\/uploads\/2022\/07\/BigB.jpg?resize=300%2C224&amp;ssl=1 300w, https:\/\/i0.wp.com\/www.aberhallo.news\/news\/wp-content\/uploads\/2022\/07\/BigB.jpg?resize=768%2C574&amp;ssl=1 768w, https:\/\/i0.wp.com\/www.aberhallo.news\/news\/wp-content\/uploads\/2022\/07\/BigB.jpg?resize=1536%2C1149&amp;ssl=1 1536w, https:\/\/i0.wp.com\/www.aberhallo.news\/news\/wp-content\/uploads\/2022\/07\/BigB.jpg?resize=150%2C112&amp;ssl=1 150w, https:\/\/i0.wp.com\/www.aberhallo.news\/news\/wp-content\/uploads\/2022\/07\/BigB.jpg?w=2000&amp;ssl=1 2000w\" sizes=\"auto, (max-width: 1000px) 100vw, 1000px\" \/><\/a><\/figure>\n<\/div>\n\n\n\n<div class=\"wp-block-column is-layout-flow wp-block-column-is-layout-flow\" style=\"flex-basis:66.66%\">\n<h2 class=\"wp-block-heading\"><strong>BIG B: Auf dem Weg zur Bundestagswahl<\/strong><\/h2>\n\n\n\n<p>Hier findet ihr die Vorstellung der Kandidat:innen aus dem Wahlkreis Wesermarsch-Delmenhorst-Oldenburg\/Land, Hintergrundberichte und alles rund um die Bundestagswahl 2021<\/p>\n\n\n\n<p><a href=\"https:\/\/www.aberhallo.news\/news\/category\/bigb\/\">weiterlesen<\/a><\/p>\n<\/div>\n<\/div>\n","protected":false},"excerpt":{"rendered":"<p>Jedes Schuljahr besch\u00e4ftigt sich die Redaktion von aberhallo.news mit besonderen Themen. Wir recherchieren, schreiben Artikel, f\u00fchren Interviews, drehen Videos. Diese Beitr\u00e4ge findet ihr regelm\u00e4\u00dfig hier unter dem Men\u00fcpunkt SPEZIAL. \u00c4ltere Themen findet hier im Archivbereich. Sore Village &#8211; Schule f\u00fcr 500 Kinder Im \u00e4thiopischen Gununo baut eine NGO eine Schule. Ein geb\u00fcrtiger Nordenhamer hilft, Platz&#8230;<\/p>\n","protected":false},"author":1,"featured_media":0,"parent":0,"menu_order":0,"comment_status":"closed","ping_status":"closed","template":"","meta":{"jetpack_post_was_ever_published":false,"footnotes":""},"class_list":["post-6073","page","type-page","status-publish","hentry","no-featured-image","page-entry","loop-entry clr"],"jetpack_sharing_enabled":true,"jetpack_shortlink":"https:\/\/wp.me\/P83yhZ-1zX","jetpack-related-posts":[],"_links":{"self":[{"href":"https:\/\/www.aberhallo.news\/news\/wp-json\/wp\/v2\/pages\/6073","targetHints":{"allow":["GET"]}}],"collection":[{"href":"https:\/\/www.aberhallo.news\/news\/wp-json\/wp\/v2\/pages"}],"about":[{"href":"https:\/\/www.aberhallo.news\/news\/wp-json\/wp\/v2\/types\/page"}],"author":[{"embeddable":true,"href":"https:\/\/www.aberhallo.news\/news\/wp-json\/wp\/v2\/users\/1"}],"replies":[{"embeddable":true,"href":"https:\/\/www.aberhallo.news\/news\/wp-json\/wp\/v2\/comments?post=6073"}],"version-history":[{"count":6,"href":"https:\/\/www.aberhallo.news\/news\/wp-json\/wp\/v2\/pages\/6073\/revisions"}],"predecessor-version":[{"id":6085,"href":"https:\/\/www.aberhallo.news\/news\/wp-json\/wp\/v2\/pages\/6073\/revisions\/6085"}],"wp:attachment":[{"href":"https:\/\/www.aberhallo.news\/news\/wp-json\/wp\/v2\/media?parent=6073"}],"curies":[{"name":"wp","href":"https:\/\/api.w.org\/{rel}","templated":true}]}}