{"id":4721,"date":"2020-10-10T17:42:14","date_gmt":"2020-10-10T15:42:14","guid":{"rendered":"http:\/\/www.aberhallo.news\/news\/?page_id=4721"},"modified":"2021-11-07T11:33:46","modified_gmt":"2021-11-07T10:33:46","slug":"vj-aberhallo-tv","status":"publish","type":"page","link":"https:\/\/www.aberhallo.news\/news\/vj-aberhallo-tv\/","title":{"rendered":"VJ: aberhallo.TV"},"content":{"rendered":"\n<p>VJ steht f\u00fcr &#8222;Videojournalist&#8220;. aberhallo.TV ist das Videoformat von ABER HALLO. In den vergangenen Jahren haben verschiedene Redakteure zwischendurch kleine Filme produziert, seid 2017 machen wir das mit System. Einige ABER HALLO- oder aberhallo.news-Redakteure sind (fast) nur f\u00fcr die Vorbereitung und Produktion der Videobeitr\u00e4ge zust\u00e4ndig.<\/p>\n\n\n\n<hr class=\"wp-block-separator\"\/>\n\n\n\n<p class=\"has-text-align-center\"><a href=\"https:\/\/www.youtube.com\/user\/aberhalloTV\" target=\"_blank\" rel=\"noreferrer noopener\">Zur YouTube-Plattform von aberhallo.TV<\/a><\/p>\n","protected":false},"excerpt":{"rendered":"<p>VJ steht f\u00fcr &#8222;Videojournalist&#8220;. aberhallo.TV ist das Videoformat von ABER HALLO. In den vergangenen Jahren haben verschiedene Redakteure zwischendurch kleine Filme produziert, seid 2017 machen wir das mit System. Einige ABER HALLO- oder aberhallo.news-Redakteure sind (fast) nur f\u00fcr die Vorbereitung und Produktion der Videobeitr\u00e4ge zust\u00e4ndig. Zur YouTube-Plattform von aberhallo.TV<\/p>\n","protected":false},"author":1,"featured_media":0,"parent":0,"menu_order":0,"comment_status":"closed","ping_status":"closed","template":"","meta":{"jetpack_post_was_ever_published":false,"footnotes":""},"class_list":["post-4721","page","type-page","status-publish","hentry","no-featured-image","page-entry","loop-entry clr"],"jetpack_sharing_enabled":true,"jetpack_shortlink":"https:\/\/wp.me\/P83yhZ-1e9","jetpack-related-posts":[],"_links":{"self":[{"href":"https:\/\/www.aberhallo.news\/news\/wp-json\/wp\/v2\/pages\/4721","targetHints":{"allow":["GET"]}}],"collection":[{"href":"https:\/\/www.aberhallo.news\/news\/wp-json\/wp\/v2\/pages"}],"about":[{"href":"https:\/\/www.aberhallo.news\/news\/wp-json\/wp\/v2\/types\/page"}],"author":[{"embeddable":true,"href":"https:\/\/www.aberhallo.news\/news\/wp-json\/wp\/v2\/users\/1"}],"replies":[{"embeddable":true,"href":"https:\/\/www.aberhallo.news\/news\/wp-json\/wp\/v2\/comments?post=4721"}],"version-history":[{"count":2,"href":"https:\/\/www.aberhallo.news\/news\/wp-json\/wp\/v2\/pages\/4721\/revisions"}],"predecessor-version":[{"id":5570,"href":"https:\/\/www.aberhallo.news\/news\/wp-json\/wp\/v2\/pages\/4721\/revisions\/5570"}],"wp:attachment":[{"href":"https:\/\/www.aberhallo.news\/news\/wp-json\/wp\/v2\/media?parent=4721"}],"curies":[{"name":"wp","href":"https:\/\/api.w.org\/{rel}","templated":true}]}}