{"id":3447,"date":"2019-02-20T21:16:49","date_gmt":"2019-02-20T20:16:49","guid":{"rendered":"http:\/\/www.aberhallo.news\/news\/?page_id=3447"},"modified":"2022-09-29T14:33:49","modified_gmt":"2022-09-29T12:33:49","slug":"impressum","status":"publish","type":"page","link":"https:\/\/www.aberhallo.news\/news\/impressum\/","title":{"rendered":"Impressum"},"content":{"rendered":"\n<p><strong>aberhallo.news<\/strong><br><br>ist eine Sch\u00fcler-Arbeitsgemeinschaft der <\/p>\n\n\n\n<p><strong>Oberschule&nbsp;I Nordenham<br>Pestalozzistr. 9<br>26954 Nordenham<\/strong><\/p>\n\n\n\n<p>Tel: 04731-2082-0<br>Fax: 04731-2082-20<\/p>\n\n\n\n<p>Verantwortlich i.S.d.P.:<br>Oberschuldirektorin Tanja Buse<br>E-Mail:\u00a0<a href=\"mailto:obs1@obs1-nordenham.de\">obs1(at)obs1-nordenham.de<\/a><\/p>\n\n\n\n<p>Die Sch\u00fcler-Arbeitsgemeinschaft wird seitens der Sch\u00fcler geleitet von<br>Tjork Netzker, Kl. 9d<\/p>\n\n\n\n<p>Die Betreuung innerhalb des Schulbetriebes erfolgt durch die Lehrkraft Torsten Lange<br><\/p>\n\n\n\n<p><strong>Haftungsausschluss:<\/strong><\/p>\n\n\n\n<p><strong>Haftung f\u00fcr Inhalte<\/strong><\/p>\n\n\n\n<p>Die Inhalte unserer Seiten wurden mit gr\u00f6\u00dfter Sorgfalt erstellt. F\u00fcr \ndie Richtigkeit, Vollst\u00e4ndigkeit und Aktualit\u00e4t der Inhalte k\u00f6nnen wir \njedoch keine Gew\u00e4hr \u00fcbernehmen. Als Diensteanbieter sind wir gem\u00e4\u00df \u00a7 7 \nAbs.1 TMG f\u00fcr eigene Inhalte auf diesen Seiten nach den allgemeinen \nGesetzen verantwortlich. Nach \u00a7\u00a7 8 bis 10 TMG sind wir als \nDiensteanbieter jedoch nicht verpflichtet, \u00fcbermittelte oder \ngespeicherte fremde Informationen zu \u00fcberwachen oder nach Umst\u00e4nden zu \nforschen, die auf eine rechtswidrige T\u00e4tigkeit hinweisen. \nVerpflichtungen zur Entfernung oder Sperrung der Nutzung von \nInformationen nach den allgemeinen Gesetzen bleiben hiervon unber\u00fchrt. \nEine diesbez\u00fcgliche Haftung ist jedoch erst ab dem Zeitpunkt der \nKenntnis einer konkreten Rechtsverletzung m\u00f6glich. Bei Bekanntwerden von\n entsprechenden Rechtsverletzungen werden wir diese Inhalte umgehend \nentfernen.<\/p>\n\n\n\n<p><strong>Haftung f\u00fcr Links<\/strong><\/p>\n\n\n\n<p>Unser Angebot enth\u00e4lt Links zu externen Webseiten Dritter, auf deren \nInhalte wir keinen Einfluss haben. Deshalb k\u00f6nnen wir f\u00fcr diese fremden \nInhalte auch keine Gew\u00e4hr \u00fcbernehmen. F\u00fcr die Inhalte der verlinkten \nSeiten ist stets der jeweilige Anbieter oder Betreiber der Seiten \nverantwortlich. Die verlinkten Seiten wurden zum Zeitpunkt der \nVerlinkung auf m\u00f6gliche Rechtsverst\u00f6\u00dfe \u00fcberpr\u00fcft. Rechtswidrige Inhalte \nwaren zum Zeitpunkt der Verlinkung nicht erkennbar. Eine permanente \ninhaltliche Kontrolle der verlinkten Seiten ist jedoch ohne konkrete \nAnhaltspunkte einer Rechtsverletzung nicht zumutbar. Bei Bekanntwerden \nvon Rechtsverletzungen werden wir derartige Links umgehend entfernen.<\/p>\n\n\n\n<p><strong>Urheberrecht<\/strong><\/p>\n\n\n\n<p>Die durch die Seitenbetreiber erstellten Inhalte und Werke auf diesen\n Seiten unterliegen dem deutschen Urheberrecht. Die Vervielf\u00e4ltigung, \nBearbeitung, Verbreitung und jede Art der Verwertung au\u00dferhalb der \nGrenzen des Urheberrechtes bed\u00fcrfen der schriftlichen Zustimmung des \njeweiligen Autors bzw. Erstellers. Downloads und Kopien dieser Seite \nsind nur f\u00fcr den privaten, nicht kommerziellen Gebrauch gestattet. \nSoweit die Inhalte auf dieser Seite nicht vom Betreiber erstellt wurden,\n werden die Urheberrechte Dritter beachtet. Insbesondere werden Inhalte \nDritter als solche gekennzeichnet. Sollten Sie trotzdem auf eine \nUrheberrechtsverletzung aufmerksam werden, bitten wir um einen \nentsprechenden Hinweis. Bei Bekanntwerden von Rechtsverletzungen werden \nwir derartige Inhalte umgehend entfernen.<\/p>\n\n\n\n<p><strong>Datenschutz<\/strong><\/p>\n\n\n\n<p>Die Nutzung unserer Webseite ist in der Regel ohne Angabe \npersonenbezogener Daten m\u00f6glich. Soweit auf unseren Seiten \npersonenbezogene Daten (beispielsweise Name, Anschrift oder \neMail-Adressen) erhoben werden, erfolgt dies, soweit m\u00f6glich, stets auf \nfreiwilliger Basis. Diese Daten werden ohne Ihre ausdr\u00fcckliche \nZustimmung nicht an Dritte weitergegeben.<\/p>\n\n\n\n<p>Wir weisen darauf hin, dass die Daten\u00fcbertragung im Internet (z.B. \nbei der Kommunikation per E-Mail) Sicherheitsl\u00fccken aufweisen kann. Ein \nl\u00fcckenloser Schutz der Daten vor dem Zugriff durch Dritte ist nicht \nm\u00f6glich.<\/p>\n\n\n\n<p>Der Nutzung von im Rahmen der Impressumspflicht ver\u00f6ffentlichten \nKontaktdaten durch Dritte zur \u00dcbersendung von nicht ausdr\u00fccklich \nangeforderter Werbung und Informationsmaterialien wird hiermit \nausdr\u00fccklich widersprochen. Die Betreiber der Seiten behalten sich \nausdr\u00fccklich rechtliche Schritte im Falle der unverlangten Zusendung von\n Werbeinformationen, etwa durch Spam-Mails, vor.<\/p>\n\n\n\n<p><strong>Speicherung von Zugriffsdaten<br><\/strong>Bei jeder \nAnforderung einer Datei aus dieser Internetpr\u00e4senz werden Zugriffsdaten \ngespeichert. Jeder Datensatz besteht aus: der Seite, von der aus die \nDatei angefordert wurde, dem Namen der Datei, dem Datum und Uhrzeit der \nAnforderung, der \u00fcbertragenen Datenmenge, dem Zugriffsstatus (Datei \n\u00fcbertragen, Datei nicht gefunden etc., einer Beschreibung des Typs des \nverwendeten Webbrowsers , anfragende Domain. Die gespeicherten Daten \nwerden ausschlie\u00dflich zu statistischen Zwecken ausgewertet, eine \nWeitergabe an Dritte, auch in Ausz\u00fcgen, findet nicht statt.<\/p>\n\n\n\n<p><strong>Google Analytics (Datenschutz)<\/strong><\/p>\n\n\n\n<p>Unsere Homepage benutzt Google Analytics, einen Webanalysedienst von \nGoogle. Google Analytics verwendet so genannte Cookies (kleine \nTextdateien), die auf Ihrem Computer gespeichert werden und die eine \nAnalyse der Benutzung der Website durch Sie erm\u00f6glichen. Die durch die \nCookie erzeugten Informationen \u00fcber Ihre Benutzung dieser Homepage \n(einschlie\u00dflich Ihrer IP-Adresse) werden an einen Server von Google in \nden USA \u00fcbertragen und dort gespeichert. Google wird diese Informationen\n benutzen, um Ihre Nutzung der Website auszuwerten, um Reports \u00fcber die \nWebsiteaktivit\u00e4ten f\u00fcr die Homepage-Betreiber zusammenzustellen und um \nweitere mit der Websitenutzung und der Internetnutzung verbundene \nDienstleistungen zu erbringen. Auch wird Google diese Informationen \ngegebenenfalls an Dritte \u00fcbertragen, sofern dieses gesetzlich \nvorgeschrieben ist oder soweit Dritte diese Daten im Auftrag von Google \nverarbeiten. Google wird in keinem Fall Ihre IP-Adresse mit anderen \nDaten von Google in Verbindung bringen. Sie k\u00f6nnen die Installation der \nCookies durch eine entsprechende Einstellung in Ihrer Browser-Software \nverhindern, wir weisen Sie jedoch darauf hin, dass Sie in diesem Fall \ngegebenenfalls nicht s\u00e4mtliche Funktionen dieser Website in vollem \nUmfang nutzen k\u00f6nnen. Durch die Nutzung unserer Homepage erkl\u00e4ren Sie \nsich mit der Bearbeitung, der \u00fcber Sie erhobenen Daten durch Google, in \nder zuvor beschriebenen Art und Weise und zu dem zuvor benannten Zweck \neinverstanden.<\/p>\n\n\n\n<p><strong>Personenbezogene Daten<\/strong><br>Innerhalb dieser \nInternetpr\u00e4senz besteht die M\u00f6glichkeit, uns personenbezogene Daten zu \n\u00fcbermitteln. &#8222;Personenbezogene Daten&#8220; sind Informationen, die genutzt \nwerden k\u00f6nnen, um Ihre Identit\u00e4t zu erfahren. Darunter fallen \nInformationen wie Ihr Name, Adresse, Postanschrift, Telefonnummer, \neMail-Adresse.<\/p>\n\n\n\n<p>Hinsichtlich Ihrer personenbezogenen Daten weisen wir gem\u00e4\u00df \u00a7 33 BDSG\n darauf hin, dass diese nach Ma\u00dfgabe der anwendbaren \nDatenschutzbestimmungen gespeichert und\/oder \u00fcbertragen werden. Im \n\u00fcbrigen werden personenbezogene Daten absolut vertraulich behandelt und \nnur mit gesonderter Zustimmung an Dritte weitergeleitet. Wir weisen Sie \nausdr\u00fccklich darauf hin, dass der Datenschutz in offenen Netzen wie dem \nInternet nach dem derzeitigem Stand der Technik nicht vollst\u00e4ndig \ngew\u00e4hrleistet werden kann. Wir wissen das Vertrauen zu sch\u00e4tzen, das Sie\n uns entgegenbringen, und wenden \u00e4u\u00dferste Sorgfalt an, um Ihre \npers\u00f6nlichen Angaben zu sch\u00fctzen.<\/p>\n\n\n\n<p><strong>Urheber- und Kennzeichenrecht<\/strong><br>Die Autoren sind \nbestrebt, die Urheberrechte der verwendeten Grafiken und Texte zu \nbeachten, selbst erstellte Grafiken und Texte zu nutzen oder auf \nlizenzfreie Grafiken und Texte zur\u00fcckzugreifen. Alle innerhalb des \nInternetangebotes genannten und ggf. durch Dritte gesch\u00fctzten Marken- \nund Warenzeichen unterliegen uneingeschr\u00e4nkt den Bestimmungen des \njeweils g\u00fcltigen Kennzeichenrechts und den Besitzrechten der jeweiligen \neingetragenen Eigent\u00fcmer. Allein aufgrund der blo\u00dfen Nennung ist nicht \nder Schluss zu ziehen, dass Markenzeichen nicht durch Rechte Dritter \ngesch\u00fctzt sind! Das Copyright f\u00fcr ver\u00f6ffentlichte, von den Autoren \nselbst erstellte Objekte bleibt allein bei den Autoren. Eine \nVervielf\u00e4ltigung oder Verwendung solcher Grafiken und Texte in anderen \nelektronischen oder gedruckten Publikationen ist ohne ausdr\u00fcckliche \nZustimmung durch die Autoren nicht gestattet.<\/p>\n\n\n\n<p><strong>Rechtswirksamkeit<br><\/strong>Sofern Teile oder einzelne \nFormulierungen dieses Textes der geltenden Rechtslage nicht, nicht mehr \noder nicht vollst\u00e4ndig entsprechen sollten, bleiben die \u00fcbrigen Teile in\n ihrem Inhalt und ihrer G\u00fcltigkeit davon unber\u00fchrt.<\/p>\n","protected":false},"excerpt":{"rendered":"<p>aberhallo.news ist eine Sch\u00fcler-Arbeitsgemeinschaft der Oberschule&nbsp;I NordenhamPestalozzistr. 926954 Nordenham Tel: 04731-2082-0Fax: 04731-2082-20 Verantwortlich i.S.d.P.:Oberschuldirektorin Tanja BuseE-Mail:\u00a0obs1(at)obs1-nordenham.de Die Sch\u00fcler-Arbeitsgemeinschaft wird seitens der Sch\u00fcler geleitet vonTjork Netzker, Kl. 9d Die Betreuung innerhalb des Schulbetriebes erfolgt durch die Lehrkraft Torsten Lange Haftungsausschluss: Haftung f\u00fcr Inhalte Die Inhalte unserer Seiten wurden mit gr\u00f6\u00dfter Sorgfalt erstellt. F\u00fcr die Richtigkeit, Vollst\u00e4ndigkeit&#8230;<\/p>\n","protected":false},"author":2,"featured_media":0,"parent":0,"menu_order":0,"comment_status":"closed","ping_status":"closed","template":"","meta":{"jetpack_post_was_ever_published":false,"footnotes":""},"class_list":["post-3447","page","type-page","status-publish","hentry","no-featured-image","page-entry","loop-entry clr"],"jetpack_sharing_enabled":false,"jetpack_shortlink":"https:\/\/wp.me\/P83yhZ-TB","jetpack-related-posts":[],"_links":{"self":[{"href":"https:\/\/www.aberhallo.news\/news\/wp-json\/wp\/v2\/pages\/3447","targetHints":{"allow":["GET"]}}],"collection":[{"href":"https:\/\/www.aberhallo.news\/news\/wp-json\/wp\/v2\/pages"}],"about":[{"href":"https:\/\/www.aberhallo.news\/news\/wp-json\/wp\/v2\/types\/page"}],"author":[{"embeddable":true,"href":"https:\/\/www.aberhallo.news\/news\/wp-json\/wp\/v2\/users\/2"}],"replies":[{"embeddable":true,"href":"https:\/\/www.aberhallo.news\/news\/wp-json\/wp\/v2\/comments?post=3447"}],"version-history":[{"count":4,"href":"https:\/\/www.aberhallo.news\/news\/wp-json\/wp\/v2\/pages\/3447\/revisions"}],"predecessor-version":[{"id":6109,"href":"https:\/\/www.aberhallo.news\/news\/wp-json\/wp\/v2\/pages\/3447\/revisions\/6109"}],"wp:attachment":[{"href":"https:\/\/www.aberhallo.news\/news\/wp-json\/wp\/v2\/media?parent=3447"}],"curies":[{"name":"wp","href":"https:\/\/api.w.org\/{rel}","templated":true}]}}