{"id":2379,"date":"2018-09-21T09:01:37","date_gmt":"2018-09-21T07:01:37","guid":{"rendered":"http:\/\/www.aberhallo.news\/news\/?page_id=2379"},"modified":"2020-01-16T14:16:12","modified_gmt":"2020-01-16T13:16:12","slug":"mueller-praktikum-1900-geschichte-und-berufsorientierung","status":"publish","type":"page","link":"https:\/\/www.aberhallo.news\/news\/mueller-praktikum-1900-geschichte-und-berufsorientierung\/","title":{"rendered":"M\u00fcller-Praktikum 1900"},"content":{"rendered":"<p>Eine historische Windm\u00fchle wird zum Lernort f\u00fcr Geschichte und zum Entdeckungsraum f\u00fcr eigene F\u00e4higkeiten und Fertigkeiten: Im M\u00fcllerpraktikum 1900 begleiten Achtkl\u00e4ssler ein Jahr lang das Leben und die Arbeit im Museum Moorseer M\u00fchle. Berufsorientierung findet hier ganz praktisch statt: Auf dem Getreidefeld, im Schafstall, in der M\u00fchlenwerkstatt oder im Veranstaltungsbereich der M\u00fchle.<\/p>\n<p>Der Kurs findet jetzt im zweiten Jahr statt. Die Kursleitung hat Frau Dr. Mayer von Herrn Lange \u00fcbernommen.<\/p>\n<hr \/>\n<h3>R\u00fcckblick: 1. Projektjahr<\/h3>\n<p>Im Schuljahr 2018\/19 arbeiten jeden Montag Sch\u00fclerinnen und Sch\u00fcler der OBS 1 Nordenham im Museum Moorseer M\u00fchle. Was sie dort erleben, wird auf dieser Seite vorgestellt.<\/p>\n<p><a href=\"https:\/\/www.aberhallo.news\/news\/tag-eins-fuer-wpk-bo-muehle\/\">1. Tag: Die Spreu vom Weizen trennen<\/a><\/p>\n<p><a href=\"https:\/\/www.aberhallo.news\/news\/mueller1900-der-zweite-harte-tag-arbeit-auf-dem-feld\/\">2. Tag: Der zweite harte Tag &#8211; Arbeit auf dem Feld<\/a><\/p>\n<p><a href=\"https:\/\/www.aberhallo.news\/news\/wpk-bo-muehle-bau-einer-vogelscheuche\/\">3. Tag: WPK Bo-M\u00fchle: Bau einer Vogelscheuche<\/a><\/p>\n<p><a href=\"https:\/\/www.nwzonline.de\/wesermarsch\/bildung\/moorsee-nordenham-bildung-rueckenwind-fuer-muellerpraktikum-der-oberschueler_a_50,2,2424468088.html\" target=\"_blank\" rel=\"noopener noreferrer\">zu Tag 3: Bericht der NWZ von der Spenden\u00fcbergabe\u00a0<\/a><\/p>\n<p><a href=\"https:\/\/www.aberhallo.news\/news\/tag-4-wiederholen-und-ueben\/\">4. Tag: Wiederholen und \u00fcben<\/a><\/p>\n<p><a href=\"https:\/\/www.aberhallo.news\/news\/tag-5-die-arbeit-und-gute-videoclips\/\">5. Tag: Arbeit und gute Videoclips<\/a><\/p>\n<p><a href=\"https:\/\/www.aberhallo.news\/news\/tag-6-die-rallye-und-kritik-am-museum\/\">6. Tag: Die Rallye und Kritik am Museum<\/a><\/p>\n<p><a href=\"https:\/\/www.aberhallo.news\/news\/wpk-bo-muehle-tag-7\/\">7. Tag: Wir kriegen uns in die Wolle!<\/a><\/p>\n<p><a href=\"https:\/\/www.aberhallo.news\/news\/?p=2861&amp;previewhttps:\/\/www.aberhallo.news\/news\/?p=2861&amp;preview=true=true\">8. Tag: Wolle, Punsch und Kekse<\/a><\/p>\n<p><a href=\"https:\/\/www.aberhallo.news\/news\/mueller-1900-tag-9-punsch-waffeln-und-stutenkerle\/\">9. Tag: Punsch, Waffeln und Stutenkerle<\/a><\/p>\n<p><a href=\"https:\/\/www.aberhallo.news\/news\/mueller1900-10-tag-schietwetter-und-handarbeit\/\">10. Tag: Schietwetter und Handarbeit<\/a><\/p>\n<p><a href=\"https:\/\/www.youtube.com\/watch?v=KLkYiG8Clp8\">Video: Erwartungen und erste Einblicke<\/a><\/p>\n<p><a href=\"https:\/\/www.aberhallo.news\/news\/mueller1900-11-tag-schafhaltung-und-baum-beschneidung\/\">11. Tag: Wollverarbeitung und Baumbeschnitt<\/a><\/p>\n<p><a href=\"https:\/\/www.aberhallo.news\/news\/mueller1900-12-tag-videos-rund-um-sprichwoerter\/\" target=\"_blank\" rel=\"noopener noreferrer\">12. Tag: Videos rund um Sprichw\u00f6rter<\/a><em><br \/>\n<\/em><\/p>\n<p><a href=\"https:\/\/www.aberhallo.news\/news\/mueller1900-die-ausstellung\/\">13. Tag: Die Ausstellung<\/a><\/p>\n<p><a href=\"https:\/\/www.aberhallo.news\/news\/14-tag-projekt-besprechung\/\">14. Tag: Fr\u00fchjahrsputz und Projektbesprechung<\/a><\/p>\n<p><a href=\"https:\/\/www.aberhallo.news\/news\/mueller1900-tag-15-es-geht-wieder-raus\/\">15. Tag: Es geht wieder raus<\/a><\/p>\n<p><a href=\"http:\/\/museum-moorseer-muehle.de\/\" target=\"_blank\" rel=\"noopener noreferrer\">Die Homepage der Moorseer M\u00fchle<\/a><\/p>\n<p><a href=\"https:\/\/www.aberhallo.news\/news\/feedback-zum-muellerpraktikum-1900\/\">Feedback zum M\u00fcllerpraktikum<\/a><\/p>\n<p><a href=\"https:\/\/www.aberhallo.news\/news\/bauwoche\/\">Die Bauwoche im M\u00fcllerprojekt<\/a><\/p>\n<p style=\"text-align: right;\">| Die redaktionelle Betreuung dieser Seite \u00fcbernehmen Rico Strietzel,<br \/>\nRedakteur der Schulzeitung ABER HALLO,<br \/>\nund Bisso Daramsis, Webredakteur von aberhallo.news |<\/p>\n","protected":false},"excerpt":{"rendered":"<p>Eine historische Windm\u00fchle wird zum Lernort f\u00fcr Geschichte und zum Entdeckungsraum f\u00fcr eigene F\u00e4higkeiten und Fertigkeiten: Im M\u00fcllerpraktikum 1900 begleiten Achtkl\u00e4ssler ein Jahr lang das Leben und die Arbeit im Museum Moorseer M\u00fchle. Berufsorientierung findet hier ganz praktisch statt: Auf dem Getreidefeld, im Schafstall, in der M\u00fchlenwerkstatt oder im Veranstaltungsbereich der M\u00fchle. Der Kurs findet&#8230;<\/p>\n","protected":false},"author":1,"featured_media":0,"parent":0,"menu_order":0,"comment_status":"closed","ping_status":"closed","template":"","meta":{"jetpack_post_was_ever_published":false,"footnotes":""},"class_list":["post-2379","page","type-page","status-publish","hentry","no-featured-image","page-entry","loop-entry clr"],"jetpack_sharing_enabled":true,"jetpack_shortlink":"https:\/\/wp.me\/P83yhZ-Cn","jetpack-related-posts":[],"_links":{"self":[{"href":"https:\/\/www.aberhallo.news\/news\/wp-json\/wp\/v2\/pages\/2379","targetHints":{"allow":["GET"]}}],"collection":[{"href":"https:\/\/www.aberhallo.news\/news\/wp-json\/wp\/v2\/pages"}],"about":[{"href":"https:\/\/www.aberhallo.news\/news\/wp-json\/wp\/v2\/types\/page"}],"author":[{"embeddable":true,"href":"https:\/\/www.aberhallo.news\/news\/wp-json\/wp\/v2\/users\/1"}],"replies":[{"embeddable":true,"href":"https:\/\/www.aberhallo.news\/news\/wp-json\/wp\/v2\/comments?post=2379"}],"version-history":[{"count":30,"href":"https:\/\/www.aberhallo.news\/news\/wp-json\/wp\/v2\/pages\/2379\/revisions"}],"predecessor-version":[{"id":4451,"href":"https:\/\/www.aberhallo.news\/news\/wp-json\/wp\/v2\/pages\/2379\/revisions\/4451"}],"wp:attachment":[{"href":"https:\/\/www.aberhallo.news\/news\/wp-json\/wp\/v2\/media?parent=2379"}],"curies":[{"name":"wp","href":"https:\/\/api.w.org\/{rel}","templated":true}]}}