{"id":2286,"date":"2018-09-08T11:18:24","date_gmt":"2018-09-08T09:18:24","guid":{"rendered":"http:\/\/www.aberhallo.news\/news\/?page_id=2286"},"modified":"2025-01-09T14:31:30","modified_gmt":"2025-01-09T13:31:30","slug":"das-trainingscamp","status":"publish","type":"page","link":"https:\/\/www.aberhallo.news\/news\/wir-ueber-uns\/das-trainingscamp\/","title":{"rendered":"Das Trainingscamp"},"content":{"rendered":"\n<h3 class=\"wp-block-heading\">Schl\u00e4fst du schon oder schreibst du noch&#8230;?<\/h3>\n\n\n\n<p>Einmal im Jahr machen die Redakteure der gedruckten Schulzeitungsausgabe, der Online-Redaktion und das Videoteam von aberhallo.TV ein Seminar: das Trainingscamp f\u00fcr Schulzeitungsredakteure.<\/p>\n\n\n\n<p>Dazu steuern sie f\u00fcr ein Wochenende (ja, wir fahren in unserer Freizeit!) ein Seminarhaus in der n\u00e4heren Umgebung von Nordenham an und quatieren sich dort mit Laptops, Kameras und Schreibblock f\u00fcr drei Tage ein. Neben Workshops zum Thema Fotografie oder journalistischen Grunds\u00e4tzen gibt es auch Spieleprogramm oder Aktionen zur Gruppenfindung. Denn in den Redaktionen arbeiten Sch\u00fcler der 7. bis 10. Klasse zusammen &#8211; da muss sich das Team zu Beginn eines Schuljahres immer erst finden.<\/p>\n\n\n\n<p>Mit dabei sind auch die &#8222;Alten Hasen&#8220; &#8211; unsere Ehemaligen, die als Betreuer (&#8222;Flurwache&#8220; f\u00fcr die Nacht) oder Referenten f\u00fcr Workshops mitfahren und so auch ihr Wissen und ihre Erfahrungen weitergeben.<\/p>\n\n\n\n<p>Das Trainingscamp hat mittlerweile seit 2001 Tradition. Wir werden regelm\u00e4\u00dfig freundlich unterst\u00fctzt durch einen Finanzierungsschuss vom F\u00f6rderverein der Oberschule 1 Nordenham.<\/p>\n\n\n\n<p>&nbsp;<\/p>\n\n\n\n<p>Das Camp 2024: <a href=\"https:\/\/www.aberhallo.news\/news\/trainingscamp-2024\/\">Trainingscamp 2024 | aberhallo.news<\/a><\/p>\n","protected":false},"excerpt":{"rendered":"<p>Schl\u00e4fst du schon oder schreibst du noch&#8230;? Einmal im Jahr machen die Redakteure der gedruckten Schulzeitungsausgabe, der Online-Redaktion und das Videoteam von aberhallo.TV ein Seminar: das Trainingscamp f\u00fcr Schulzeitungsredakteure. Dazu steuern sie f\u00fcr ein Wochenende (ja, wir fahren in unserer Freizeit!) ein Seminarhaus in der n\u00e4heren Umgebung von Nordenham an und quatieren sich dort mit&#8230;<\/p>\n","protected":false},"author":1,"featured_media":2296,"parent":18,"menu_order":0,"comment_status":"closed","ping_status":"closed","template":"","meta":{"jetpack_post_was_ever_published":false,"footnotes":""},"class_list":["post-2286","page","type-page","status-publish","has-post-thumbnail","hentry","page-entry","loop-entry clr"],"jetpack_sharing_enabled":true,"jetpack_shortlink":"https:\/\/wp.me\/P83yhZ-AS","jetpack-related-posts":[],"_links":{"self":[{"href":"https:\/\/www.aberhallo.news\/news\/wp-json\/wp\/v2\/pages\/2286","targetHints":{"allow":["GET"]}}],"collection":[{"href":"https:\/\/www.aberhallo.news\/news\/wp-json\/wp\/v2\/pages"}],"about":[{"href":"https:\/\/www.aberhallo.news\/news\/wp-json\/wp\/v2\/types\/page"}],"author":[{"embeddable":true,"href":"https:\/\/www.aberhallo.news\/news\/wp-json\/wp\/v2\/users\/1"}],"replies":[{"embeddable":true,"href":"https:\/\/www.aberhallo.news\/news\/wp-json\/wp\/v2\/comments?post=2286"}],"version-history":[{"count":4,"href":"https:\/\/www.aberhallo.news\/news\/wp-json\/wp\/v2\/pages\/2286\/revisions"}],"predecessor-version":[{"id":7218,"href":"https:\/\/www.aberhallo.news\/news\/wp-json\/wp\/v2\/pages\/2286\/revisions\/7218"}],"up":[{"embeddable":true,"href":"https:\/\/www.aberhallo.news\/news\/wp-json\/wp\/v2\/pages\/18"}],"wp:featuredmedia":[{"embeddable":true,"href":"https:\/\/www.aberhallo.news\/news\/wp-json\/wp\/v2\/media\/2296"}],"wp:attachment":[{"href":"https:\/\/www.aberhallo.news\/news\/wp-json\/wp\/v2\/media?parent=2286"}],"curies":[{"name":"wp","href":"https:\/\/api.w.org\/{rel}","templated":true}]}}